{"id":2584,"date":"2025-11-24T10:47:16","date_gmt":"2025-11-24T08:47:16","guid":{"rendered":"https:\/\/muzeu.ivanpatzaichin.ro\/cart\/"},"modified":"2025-12-18T08:25:56","modified_gmt":"2025-12-18T06:25:56","slug":"cart","status":"publish","type":"page","link":"https:\/\/muzeu.ivanpatzaichin.ro\/en\/cart\/","title":{"rendered":"Cart"},"content":{"rendered":"\t\t<div data-elementor-type=\"wp-page\" data-elementor-id=\"2584\" class=\"elementor elementor-2584 elementor-2489\" data-elementor-post-type=\"page\">\n\t\t\t\t<div class=\"elementor-element elementor-element-b168249 e-flex e-con-boxed e-con e-parent\" data-id=\"b168249\" data-element_type=\"container\" data-e-type=\"container\" data-settings=\"{&quot;jet_parallax_layout_list&quot;:[]}\">\n\t\t\t\t\t<div class=\"e-con-inner\">\n\t\t\t\t<div class=\"elementor-element elementor-element-451f16e elementor-align-left elementor-widget elementor-widget-button\" data-id=\"451f16e\" data-element_type=\"widget\" data-e-type=\"widget\" data-widget_type=\"button.default\">\n\t\t\t\t<div class=\"elementor-widget-container\">\n\t\t\t\t\t\t\t\t\t<div class=\"elementor-button-wrapper\">\n\t\t\t\t\t<a class=\"elementor-button elementor-button-link elementor-size-sm\" href=\"\/magazin\/\">\n\t\t\t\t\t\t<span class=\"elementor-button-content-wrapper\">\n\t\t\t\t\t\t<span class=\"elementor-button-icon\">\n\t\t\t\t<svg aria-hidden=\"true\" class=\"e-font-icon-svg e-fas-long-arrow-alt-left\" viewBox=\"0 0 448 512\" xmlns=\"http:\/\/www.w3.org\/2000\/svg\"><path d=\"M134.059 296H436c6.627 0 12-5.373 12-12v-56c0-6.627-5.373-12-12-12H134.059v-46.059c0-21.382-25.851-32.09-40.971-16.971L7.029 239.029c-9.373 9.373-9.373 24.569 0 33.941l86.059 86.059c15.119 15.119 40.971 4.411 40.971-16.971V296z\"><\/path><\/svg>\t\t\t<\/span>\n\t\t\t\t\t\t\t\t\t<span class=\"elementor-button-text\">Back to shop<\/span>\n\t\t\t\t\t<\/span>\n\t\t\t\t\t<\/a>\n\t\t\t\t<\/div>\n\t\t\t\t\t\t\t\t<\/div>\n\t\t\t\t<\/div>\n\t\t\t\t<div class=\"elementor-element elementor-element-862eae8 elementor-hidden-desktop elementor-hidden-tablet elementor-hidden-mobile elementor-widget elementor-widget-text-editor\" data-id=\"862eae8\" data-element_type=\"widget\" data-e-type=\"widget\" data-widget_type=\"text-editor.default\">\n\t\t\t\t<div class=\"elementor-widget-container\">\n\t\t\t\t\t\t\t\t\t\n<div class=\"wp-block-woocommerce-cart alignwide is-loading\">\n<div class=\"wp-block-woocommerce-filled-cart-block\">\n<div class=\"wp-block-woocommerce-cart-items-block\">\n<div class=\"wp-block-woocommerce-cart-line-items-block\">\u00a0<\/div>\n\n<div class=\"wp-block-woocommerce-product-collection\">\n<h2 class=\"wp-block-heading has-text-align-left\" style=\"margin-bottom: 1rem;\">S-ar putea s\u0103 te intereseze\u2026<\/h2>\n<\/div>\n<\/div>\n\n<div class=\"wp-block-woocommerce-cart-totals-block\">\n<div class=\"wp-block-woocommerce-cart-order-summary-block\">\n<div class=\"wp-block-woocommerce-cart-order-summary-heading-block\">\u00a0<\/div>\n\n<div class=\"wp-block-woocommerce-cart-order-summary-coupon-form-block\">\u00a0<\/div>\n\n<div class=\"wp-block-woocommerce-cart-order-summary-subtotal-block\">\u00a0<\/div>\n\n<div class=\"wp-block-woocommerce-cart-order-summary-fee-block\">\u00a0<\/div>\n\n<div class=\"wp-block-woocommerce-cart-order-summary-discount-block\">\u00a0<\/div>\n\n<div class=\"wp-block-woocommerce-cart-order-summary-shipping-block\">\u00a0<\/div>\n\n<div class=\"wp-block-woocommerce-cart-order-summary-taxes-block\">\u00a0<\/div>\n<\/div>\n\n<div class=\"wp-block-woocommerce-cart-express-payment-block\">\u00a0<\/div>\n\n<div class=\"wp-block-woocommerce-proceed-to-checkout-block\">\u00a0<\/div>\n\n<div class=\"wp-block-woocommerce-cart-accepted-payment-methods-block\">\u00a0<\/div>\n<\/div>\n<\/div>\n\n<div class=\"wp-block-woocommerce-empty-cart-block\">\n<h2 class=\"wp-block-heading has-text-align-center with-empty-cart-icon wc-block-cart__empty-cart__title\">Co\u0219ul t\u0103u este gol acum!<\/h2>\n<hr class=\"wp-block-separator has-alpha-channel-opacity is-style-dots\" \/>\n<h2 class=\"wp-block-heading has-text-align-center\">Nout\u0103\u021bi \u00een magazin<\/h2>\n<\/div>\n<\/div>\n\t\t\t\t\t\t\t\t<\/div>\n\t\t\t\t<\/div>\n\t\t\t\t\t<\/div>\n\t\t\t\t<\/div>\n\t\t\t\t<\/div>\n\t\t","protected":false},"excerpt":{"rendered":"<p>Back to shop \u00cenl\u0103tur\u0103 produsul Imagine miniatur\u0103 Produs Pre\u021b Cantitate Sub-total &times; Produs Test 2 199,00&nbsp;lei Cantitate Produs Test 2 995,00&nbsp;lei &times; Produs Digital Test 55,00&nbsp;lei Cantitate Produs Digital Test 55,00&nbsp;lei Add coupon Total Sub-total 1.050,00&nbsp;lei Livrare Free shipping Livrare la Tulcea. Modific\u0103 adresa \u021aar\u0103\/regiune Selecteaz\u0103 o \u021bar\u0103\/regiune&#8230;AfganistanAfrica de SudAlbaniaAlgeriaAndorraAngolaAnguillaAntarcticaAntigua \u0219i BarbudaArabia Saudit\u0103ArgentinaArmeniaArubaAustraliaAustriaAzerbaidjanBahamasBahrainBangladeshBarbadosBelarusBelauBelgiaBelizeBeninBermudaBhutanBoliviaBonaire, Saint Eustatius [&hellip;]<\/p>\n","protected":false},"author":1,"featured_media":0,"parent":0,"menu_order":0,"comment_status":"closed","ping_status":"closed","template":"","meta":{"footnotes":""},"class_list":["post-2584","page","type-page","status-publish","hentry"],"yoast_head":"<!-- This site is optimized with the Yoast SEO plugin v27.3 - https:\/\/yoast.com\/product\/yoast-seo-wordpress\/ -->\n<title>Cart - Muzeul Ivan Patzaichin<\/title>\n<meta name=\"robots\" content=\"index, follow, max-snippet:-1, max-image-preview:large, max-video-preview:-1\" \/>\n<link rel=\"canonical\" href=\"https:\/\/muzeu.ivanpatzaichin.ro\/en\/cart\/\" \/>\n<meta property=\"og:locale\" content=\"en_US\" \/>\n<meta property=\"og:type\" content=\"article\" \/>\n<meta property=\"og:title\" content=\"Cart - Muzeul Ivan Patzaichin\" \/>\n<meta property=\"og:description\" content=\"Back to shop \u00cenl\u0103tur\u0103 produsul Imagine miniatur\u0103 Produs Pre\u021b Cantitate Sub-total &times; Produs Test 2 199,00&nbsp;lei Cantitate Produs Test 2 995,00&nbsp;lei &times; Produs Digital Test 55,00&nbsp;lei Cantitate Produs Digital Test 55,00&nbsp;lei Add coupon Total Sub-total 1.050,00&nbsp;lei Livrare Free shipping Livrare la Tulcea. Modific\u0103 adresa \u021aar\u0103\/regiune Selecteaz\u0103 o \u021bar\u0103\/regiune&#8230;AfganistanAfrica de SudAlbaniaAlgeriaAndorraAngolaAnguillaAntarcticaAntigua \u0219i BarbudaArabia Saudit\u0103ArgentinaArmeniaArubaAustraliaAustriaAzerbaidjanBahamasBahrainBangladeshBarbadosBelarusBelauBelgiaBelizeBeninBermudaBhutanBoliviaBonaire, Saint Eustatius [&hellip;]\" \/>\n<meta property=\"og:url\" content=\"https:\/\/muzeu.ivanpatzaichin.ro\/en\/cart\/\" \/>\n<meta property=\"og:site_name\" content=\"Muzeul Ivan Patzaichin\" \/>\n<meta property=\"article:modified_time\" content=\"2025-12-18T06:25:56+00:00\" \/>\n<meta property=\"og:image\" content=\"https:\/\/muzeu.ivanpatzaichin.ro\/wp-content\/uploads\/2025\/05\/5G_CDD_6-300x225.jpg\" \/>\n<meta name=\"twitter:card\" content=\"summary_large_image\" \/>\n<meta name=\"twitter:label1\" content=\"Est. reading time\" \/>\n\t<meta name=\"twitter:data1\" content=\"3 minutes\" \/>\n<script type=\"application\/ld+json\" class=\"yoast-schema-graph\">{\"@context\":\"https:\\\/\\\/schema.org\",\"@graph\":[{\"@type\":\"WebPage\",\"@id\":\"https:\\\/\\\/muzeu.ivanpatzaichin.ro\\\/en\\\/cart\\\/\",\"url\":\"https:\\\/\\\/muzeu.ivanpatzaichin.ro\\\/en\\\/cart\\\/\",\"name\":\"Cart - Muzeul Ivan Patzaichin\",\"isPartOf\":{\"@id\":\"https:\\\/\\\/muzeu.ivanpatzaichin.ro\\\/en\\\/#website\"},\"primaryImageOfPage\":{\"@id\":\"https:\\\/\\\/muzeu.ivanpatzaichin.ro\\\/en\\\/cart\\\/#primaryimage\"},\"image\":{\"@id\":\"https:\\\/\\\/muzeu.ivanpatzaichin.ro\\\/en\\\/cart\\\/#primaryimage\"},\"thumbnailUrl\":\"https:\\\/\\\/muzeu.ivanpatzaichin.ro\\\/wp-content\\\/uploads\\\/2025\\\/05\\\/5G_CDD_6-300x225.jpg\",\"datePublished\":\"2025-11-24T08:47:16+00:00\",\"dateModified\":\"2025-12-18T06:25:56+00:00\",\"breadcrumb\":{\"@id\":\"https:\\\/\\\/muzeu.ivanpatzaichin.ro\\\/en\\\/cart\\\/#breadcrumb\"},\"inLanguage\":\"en-US\",\"potentialAction\":[{\"@type\":\"ReadAction\",\"target\":[\"https:\\\/\\\/muzeu.ivanpatzaichin.ro\\\/en\\\/cart\\\/\"]}]},{\"@type\":\"ImageObject\",\"inLanguage\":\"en-US\",\"@id\":\"https:\\\/\\\/muzeu.ivanpatzaichin.ro\\\/en\\\/cart\\\/#primaryimage\",\"url\":\"https:\\\/\\\/muzeu.ivanpatzaichin.ro\\\/wp-content\\\/uploads\\\/2025\\\/05\\\/5G_CDD_6-300x225.jpg\",\"contentUrl\":\"https:\\\/\\\/muzeu.ivanpatzaichin.ro\\\/wp-content\\\/uploads\\\/2025\\\/05\\\/5G_CDD_6-300x225.jpg\"},{\"@type\":\"BreadcrumbList\",\"@id\":\"https:\\\/\\\/muzeu.ivanpatzaichin.ro\\\/en\\\/cart\\\/#breadcrumb\",\"itemListElement\":[{\"@type\":\"ListItem\",\"position\":1,\"name\":\"Home\",\"item\":\"https:\\\/\\\/muzeu.ivanpatzaichin.ro\\\/en\\\/\"},{\"@type\":\"ListItem\",\"position\":2,\"name\":\"Cart\"}]},{\"@type\":\"WebSite\",\"@id\":\"https:\\\/\\\/muzeu.ivanpatzaichin.ro\\\/en\\\/#website\",\"url\":\"https:\\\/\\\/muzeu.ivanpatzaichin.ro\\\/en\\\/\",\"name\":\"Muzeul Ivan Patzaichin\",\"description\":\"Muzeul Ivan Patzaichin\",\"potentialAction\":[{\"@type\":\"SearchAction\",\"target\":{\"@type\":\"EntryPoint\",\"urlTemplate\":\"https:\\\/\\\/muzeu.ivanpatzaichin.ro\\\/en\\\/?s={search_term_string}\"},\"query-input\":{\"@type\":\"PropertyValueSpecification\",\"valueRequired\":true,\"valueName\":\"search_term_string\"}}],\"inLanguage\":\"en-US\"}]}<\/script>\n<!-- \/ Yoast SEO plugin. -->","yoast_head_json":{"title":"Cart - Muzeul Ivan Patzaichin","robots":{"index":"index","follow":"follow","max-snippet":"max-snippet:-1","max-image-preview":"max-image-preview:large","max-video-preview":"max-video-preview:-1"},"canonical":"https:\/\/muzeu.ivanpatzaichin.ro\/en\/cart\/","og_locale":"en_US","og_type":"article","og_title":"Cart - Muzeul Ivan Patzaichin","og_description":"Back to shop \u00cenl\u0103tur\u0103 produsul Imagine miniatur\u0103 Produs Pre\u021b Cantitate Sub-total &times; Produs Test 2 199,00&nbsp;lei Cantitate Produs Test 2 995,00&nbsp;lei &times; Produs Digital Test 55,00&nbsp;lei Cantitate Produs Digital Test 55,00&nbsp;lei Add coupon Total Sub-total 1.050,00&nbsp;lei Livrare Free shipping Livrare la Tulcea. Modific\u0103 adresa \u021aar\u0103\/regiune Selecteaz\u0103 o \u021bar\u0103\/regiune&#8230;AfganistanAfrica de SudAlbaniaAlgeriaAndorraAngolaAnguillaAntarcticaAntigua \u0219i BarbudaArabia Saudit\u0103ArgentinaArmeniaArubaAustraliaAustriaAzerbaidjanBahamasBahrainBangladeshBarbadosBelarusBelauBelgiaBelizeBeninBermudaBhutanBoliviaBonaire, Saint Eustatius [&hellip;]","og_url":"https:\/\/muzeu.ivanpatzaichin.ro\/en\/cart\/","og_site_name":"Muzeul Ivan Patzaichin","article_modified_time":"2025-12-18T06:25:56+00:00","og_image":[{"url":"https:\/\/muzeu.ivanpatzaichin.ro\/wp-content\/uploads\/2025\/05\/5G_CDD_6-300x225.jpg","type":"","width":"","height":""}],"twitter_card":"summary_large_image","twitter_misc":{"Est. reading time":"3 minutes"},"schema":{"@context":"https:\/\/schema.org","@graph":[{"@type":"WebPage","@id":"https:\/\/muzeu.ivanpatzaichin.ro\/en\/cart\/","url":"https:\/\/muzeu.ivanpatzaichin.ro\/en\/cart\/","name":"Cart - Muzeul Ivan Patzaichin","isPartOf":{"@id":"https:\/\/muzeu.ivanpatzaichin.ro\/en\/#website"},"primaryImageOfPage":{"@id":"https:\/\/muzeu.ivanpatzaichin.ro\/en\/cart\/#primaryimage"},"image":{"@id":"https:\/\/muzeu.ivanpatzaichin.ro\/en\/cart\/#primaryimage"},"thumbnailUrl":"https:\/\/muzeu.ivanpatzaichin.ro\/wp-content\/uploads\/2025\/05\/5G_CDD_6-300x225.jpg","datePublished":"2025-11-24T08:47:16+00:00","dateModified":"2025-12-18T06:25:56+00:00","breadcrumb":{"@id":"https:\/\/muzeu.ivanpatzaichin.ro\/en\/cart\/#breadcrumb"},"inLanguage":"en-US","potentialAction":[{"@type":"ReadAction","target":["https:\/\/muzeu.ivanpatzaichin.ro\/en\/cart\/"]}]},{"@type":"ImageObject","inLanguage":"en-US","@id":"https:\/\/muzeu.ivanpatzaichin.ro\/en\/cart\/#primaryimage","url":"https:\/\/muzeu.ivanpatzaichin.ro\/wp-content\/uploads\/2025\/05\/5G_CDD_6-300x225.jpg","contentUrl":"https:\/\/muzeu.ivanpatzaichin.ro\/wp-content\/uploads\/2025\/05\/5G_CDD_6-300x225.jpg"},{"@type":"BreadcrumbList","@id":"https:\/\/muzeu.ivanpatzaichin.ro\/en\/cart\/#breadcrumb","itemListElement":[{"@type":"ListItem","position":1,"name":"Home","item":"https:\/\/muzeu.ivanpatzaichin.ro\/en\/"},{"@type":"ListItem","position":2,"name":"Cart"}]},{"@type":"WebSite","@id":"https:\/\/muzeu.ivanpatzaichin.ro\/en\/#website","url":"https:\/\/muzeu.ivanpatzaichin.ro\/en\/","name":"Muzeul Ivan Patzaichin","description":"Muzeul Ivan Patzaichin","potentialAction":[{"@type":"SearchAction","target":{"@type":"EntryPoint","urlTemplate":"https:\/\/muzeu.ivanpatzaichin.ro\/en\/?s={search_term_string}"},"query-input":{"@type":"PropertyValueSpecification","valueRequired":true,"valueName":"search_term_string"}}],"inLanguage":"en-US"}]}},"_links":{"self":[{"href":"https:\/\/muzeu.ivanpatzaichin.ro\/en\/wp-json\/wp\/v2\/pages\/2584","targetHints":{"allow":["GET"]}}],"collection":[{"href":"https:\/\/muzeu.ivanpatzaichin.ro\/en\/wp-json\/wp\/v2\/pages"}],"about":[{"href":"https:\/\/muzeu.ivanpatzaichin.ro\/en\/wp-json\/wp\/v2\/types\/page"}],"author":[{"embeddable":true,"href":"https:\/\/muzeu.ivanpatzaichin.ro\/en\/wp-json\/wp\/v2\/users\/1"}],"replies":[{"embeddable":true,"href":"https:\/\/muzeu.ivanpatzaichin.ro\/en\/wp-json\/wp\/v2\/comments?post=2584"}],"version-history":[{"count":0,"href":"https:\/\/muzeu.ivanpatzaichin.ro\/en\/wp-json\/wp\/v2\/pages\/2584\/revisions"}],"wp:attachment":[{"href":"https:\/\/muzeu.ivanpatzaichin.ro\/en\/wp-json\/wp\/v2\/media?parent=2584"}],"curies":[{"name":"wp","href":"https:\/\/api.w.org\/{rel}","templated":true}]}}